{"id":287,"date":"2024-02-05T00:34:13","date_gmt":"2024-02-04T23:34:13","guid":{"rendered":"https:\/\/scienceit.prodatamgm.de\/?page_id=287"},"modified":"2024-02-14T12:40:39","modified_gmt":"2024-02-14T11:40:39","slug":"bedingungen-und-konditionen","status":"publish","type":"page","link":"https:\/\/science-it.de\/de\/bedingungen-und-konditionen\/","title":{"rendered":"AGB"},"content":{"rendered":"<div data-elementor-type=\"wp-page\" data-elementor-id=\"287\" class=\"elementor elementor-287\" data-elementor-post-type=\"page\">\n\t\t\t\t\t\t<section class=\"elementor-section elementor-top-section elementor-element elementor-element-9943b33 elementor-section-content-top elementor-section-boxed elementor-section-height-default elementor-section-height-default\" data-id=\"9943b33\" data-element_type=\"section\" data-settings=\"{&quot;background_background&quot;:&quot;classic&quot;}\">\n\t\t\t\t\t\t\t<div class=\"elementor-background-overlay\"><\/div>\n\t\t\t\t\t\t\t<div class=\"elementor-container elementor-column-gap-no\">\n\t\t\t\t\t<div class=\"elementor-column elementor-col-100 elementor-top-column elementor-element elementor-element-9f0eb73\" data-id=\"9f0eb73\" data-element_type=\"column\">\n\t\t\t<div class=\"elementor-widget-wrap elementor-element-populated\">\n\t\t\t\t\t\t<div class=\"elementor-element elementor-element-2d52e74 elementor-widget elementor-widget-heading\" data-id=\"2d52e74\" data-element_type=\"widget\" data-widget_type=\"heading.default\">\n\t\t\t\t<div class=\"elementor-widget-container\">\n\t\t\t\t\t<h2 class=\"elementor-heading-title elementor-size-default\">Allgemeine Gesch\u00e4ftsbedingungen (AGB)<\/h2>\t\t\t\t<\/div>\n\t\t\t\t<\/div>\n\t\t\t\t\t<\/div>\n\t\t<\/div>\n\t\t\t\t\t<\/div>\n\t\t<\/section>\n\t\t\t\t<section class=\"elementor-section elementor-top-section elementor-element elementor-element-a783f65 elementor-section-content-top elementor-section-boxed elementor-section-height-default elementor-section-height-default\" data-id=\"a783f65\" data-element_type=\"section\" data-settings=\"{&quot;background_background&quot;:&quot;classic&quot;}\">\n\t\t\t\t\t\t\t<div class=\"elementor-background-overlay\"><\/div>\n\t\t\t\t\t\t\t<div class=\"elementor-container elementor-column-gap-no\">\n\t\t\t\t\t<div class=\"elementor-column elementor-col-100 elementor-top-column elementor-element elementor-element-2e8beef\" data-id=\"2e8beef\" data-element_type=\"column\">\n\t\t\t<div class=\"elementor-widget-wrap elementor-element-populated\">\n\t\t\t\t\t\t<div class=\"elementor-element elementor-element-3ea0178 elementor-vertical-align-top elementor-widget elementor-widget-image-box\" data-id=\"3ea0178\" data-element_type=\"widget\" data-widget_type=\"image-box.default\">\n\t\t\t\t<div class=\"elementor-widget-container\">\n\t\t\t\t\t<div class=\"elementor-image-box-wrapper\"><div class=\"elementor-image-box-content\"><h3 class=\"elementor-image-box-title\">1. Geltungsbereich<\/h3><p class=\"elementor-image-box-description\">a) Die Science-IT Consulting GmbH erbringt seine Dienste, Leistungen und Lieferungen ausschlie\u00dflich auf der Grundlage dieser Gesch\u00e4ftsbedingungen, soweit einzelvertraglich nichts anderes geregelt wird. Die Bedingungen gelten sp\u00e4testens bei Auftragserteilung als anerkannt und haben auch Geltung f\u00fcr s\u00e4mtliche k\u00fcnftige Gesch\u00e4ftsbeziehungen, auch wenn sie nicht nochmals ausdr\u00fccklich vereinbart und vorgelegt werden.<\/br>\nEigene Bedingungen des Kunden gelten nicht, es sei denn, diese werden ausdr\u00fccklich schriftlich durch die Science-IT Consulting GmbH anerkannt.<\/br>\n<\/br>\nb) Alle Erkl\u00e4rungen im Zusammenhang mit dem Vertrag bed\u00fcrfen der Schriftform. Mitarbeiter der Science-IT Consulting GmbH sind nicht befugt, m\u00fcndliche Nebenabsprachen zu treffen, die \u00fcber den Inhalt des jeweiligen Vertrages einschlie\u00dflich dieser Bedingungen hinausgehen.<\/br>\n<\/br>\nc) Die Science-IT Consulting GmbH ist jederzeit berechtigt diese \u201eAllgemeinen Bedingungen\u201c mit angemessener Ank\u00fcndigungsfrist zu \u00e4ndern oder zu erg\u00e4nzen.\nWiderspricht der Kunde nicht innerhalb von zwei Wochen nach Zugang der \u00c4nderungsmitteilung, so wird sie entsprechend der Ank\u00fcndigung wirksam.\nWiderspricht der Kunde fristgerecht, ist die Science-IT Consulting GmbH berechtigt, den Vertrag zu dem Zeitpunkt zu k\u00fcndigen, an dem die ge\u00e4nderte Bedingung in Kraft treten soll.<\/p><\/div><\/div>\t\t\t\t<\/div>\n\t\t\t\t<\/div>\n\t\t\t\t<div class=\"elementor-element elementor-element-97e99c1 elementor-vertical-align-top elementor-widget elementor-widget-image-box\" data-id=\"97e99c1\" data-element_type=\"widget\" data-widget_type=\"image-box.default\">\n\t\t\t\t<div class=\"elementor-widget-container\">\n\t\t\t\t\t<div class=\"elementor-image-box-wrapper\"><div class=\"elementor-image-box-content\"><h3 class=\"elementor-image-box-title\">2. Zustandekommen des Vertrags<\/h3><p class=\"elementor-image-box-description\">a) Der Vertrag kommt zustande, sofern die Science-IT Consulting GmbH den eingegangenen Vertrag nicht unverz\u00fcglich zur\u00fcckweist.<\/br>\n<\/br>\nb) Sollten f\u00fcr die Erbringung der Dienstleistung der Dienst Dritter vonn\u00f6ten sein, so werden diese nicht Vertragspartner des Kunden. Ferner besteht zwischen den Kunden der Science-IT Consulting GmbH kein allein durch die gemeinsame Nutzung der Dienste begr\u00fcndetes Vertragsverh\u00e4ltnis.\n<\/p><\/div><\/div>\t\t\t\t<\/div>\n\t\t\t\t<\/div>\n\t\t\t\t<div class=\"elementor-element elementor-element-1355780 elementor-vertical-align-top elementor-widget elementor-widget-image-box\" data-id=\"1355780\" data-element_type=\"widget\" data-widget_type=\"image-box.default\">\n\t\t\t\t<div class=\"elementor-widget-container\">\n\t\t\t\t\t<div class=\"elementor-image-box-wrapper\"><div class=\"elementor-image-box-content\"><h3 class=\"elementor-image-box-title\">3. Leistungsumfang<\/h3><p class=\"elementor-image-box-description\">a) Der Umfang ergibt sich aus dem jeweiligen Vertrag gem\u00e4\u00df Leistungsbeschreibung respektive durch die mit dem Kunden individuell festgelegten und abgesprochenen Leistung. Die Abnahme der Leistung erfolgt durch die Unterschrift des Kunden auf dem \u00dcbergabebogen.<\/br>\n<\/br>\nb) Die Science-IT Consulting GmbH beh\u00e4lt sich das Recht vor, Leistungen in Absprache mit dem Kunden zu \u00e4ndern, zu erweitern und Verbesserungen vorzunehmen.<\/br>\n<\/br>\nc) Softwarel\u00f6sungen, Scripts, Designs, Layouts, Systeme und vergleichbare Produkte bleiben auch im Falle der Entwicklung im Auftrag des Kunden Eigentum der Science-IT Consulting GmbH, es sei denn ein Kauf und \u00dcbergang an den Kunden wurde explizit vereinbart.<\/br>\n<\/br>\nd) Erbringt die Science-IT Consulting GmbH unentgeltlich eine Leistung, kann diese jederzeit ohne Vorank\u00fcndigung eingestellt werden, ohne das sich daraus Anspr\u00fcche des Kunden ergeben.<\/p><\/div><\/div>\t\t\t\t<\/div>\n\t\t\t\t<\/div>\n\t\t\t\t<div class=\"elementor-element elementor-element-87146ed elementor-vertical-align-top elementor-widget elementor-widget-image-box\" data-id=\"87146ed\" data-element_type=\"widget\" data-widget_type=\"image-box.default\">\n\t\t\t\t<div class=\"elementor-widget-container\">\n\t\t\t\t\t<div class=\"elementor-image-box-wrapper\"><div class=\"elementor-image-box-content\"><h3 class=\"elementor-image-box-title\">4. Lieferung und Erf\u00fcllungsort<\/h3><p class=\"elementor-image-box-description\">a) Erf\u00fcllungsort f\u00fcr Science-IT Consulting GmbH betreffende Verpflichtungen ist der Firmensitz von Science-IT Consulting GmbH. Sofern Science-IT Consulting GmbH Dienstleistungen oder Waren ausliefert oder versendet, erfolgt die Lieferung auf Gefahr und Kosten des Vertragspartners. Lieferzeitangaben sind ann\u00e4hernd und unverbindlich.<\/br>\n<\/br>\nb)\tTeillieferungen sind zul\u00e4ssig und k\u00f6nnen vom Vertragspartner nicht zur\u00fcckgewiesen werden, wenn eine Restlieferung noch erfolgt oder die Teillieferung f\u00fcr den Vertragspartner nicht ohne Interesse ist. Sollte die Science-IT Consulting GmbH in Lieferverzug geraten, muss der Vertragspartner eine angemessene Nachfrist von mindestens 4 Wochen setzen, bevor er von seinen Rechten gem\u00e4\u00df \u00a7 326 BGB Gebrauch machen kann.<\/p><\/div><\/div>\t\t\t\t<\/div>\n\t\t\t\t<\/div>\n\t\t\t\t<div class=\"elementor-element elementor-element-31881d7 elementor-vertical-align-top elementor-widget elementor-widget-image-box\" data-id=\"31881d7\" data-element_type=\"widget\" data-widget_type=\"image-box.default\">\n\t\t\t\t<div class=\"elementor-widget-container\">\n\t\t\t\t\t<div class=\"elementor-image-box-wrapper\"><div class=\"elementor-image-box-content\"><h3 class=\"elementor-image-box-title\">5. Zahlungsbedingungen<\/h3><p class=\"elementor-image-box-description\">a) Von Science-IT Consulting GmbH erbrachte Dienstleistungen oder gelieferte Produkte sind sp\u00e4testens 10 Tage ab Rechnungsdatum ohne Abzug zahlbar. Abweichende Vereinbarungen bed\u00fcrfen der Schriftform.<\/br>\n<\/br>\nb) Ist ein Vertragspartner im Zahlungsverzug, ist die Science-IT Consulting GmbH berechtigt, Verzugszinsen in H\u00f6he von 5% \u00fcber dem Diskontsatz der deutschen Bundesbank in Rechnung zu stellen.<\/p><\/div><\/div>\t\t\t\t<\/div>\n\t\t\t\t<\/div>\n\t\t\t\t<div class=\"elementor-element elementor-element-3e7801b elementor-vertical-align-top elementor-widget elementor-widget-image-box\" data-id=\"3e7801b\" data-element_type=\"widget\" data-widget_type=\"image-box.default\">\n\t\t\t\t<div class=\"elementor-widget-container\">\n\t\t\t\t\t<div class=\"elementor-image-box-wrapper\"><div class=\"elementor-image-box-content\"><h3 class=\"elementor-image-box-title\">6. Gew\u00e4hrleistung und M\u00e4ngelr\u00fcge<\/h3><p class=\"elementor-image-box-description\">a) F\u00fcr M\u00e4ngelr\u00fcgen durch Kaufleute gelten die gesetzlichen Bestimmungen. Im \u00fcbrigen sind offensichtliche M\u00e4ngel innerhalb einer Frist von 14 Tagen schriftlich gegen\u00fcber Science-IT Consulting GmbH zu r\u00fcgen. Andernfalls k\u00f6nnen insoweit keine Gew\u00e4hrleistungsanspr\u00fcche gemacht werden.<\/br>\n<\/br>\nb) Die Science-IT Consulting GmbH leistet Gew\u00e4hr, indem nach Ermessen ganz oder teilweise kostenlos nachgebessert bzw. eine kostenlose Ersatzlieferung vorgenommen wird. Sollten zwei Nachbesserungs- bzw. Nachlieferungsversuche fehlschlagen, ist der Vertragspartner nach seiner Wahl berechtigt, Minderung oder Wandlung zu verlangen.<\/br>\n<\/br>\nc) Wahlweise kann die Science-IT Consulting GmbH verlangen, dass die schadhafte Dienstleistung\/das schadhafte Produkt zur Reparatur an die Science-IT Consulting GmbH geschickt wird oder der Kunde das schadhafte Produkt\/Dienstleistung zur Nachbesserung bereith\u00e4lt.<\/br>\n<\/br>\nd) Die Gew\u00e4hrleistungspflicht erlischt, wenn Arbeiten, Reparaturen oder Eingriffe ohne schriftliches Einverst\u00e4ndnis der Science-IT Consulting GmbH durch den Kunden vorgenommen werden.\n<\/p><\/div><\/div>\t\t\t\t<\/div>\n\t\t\t\t<\/div>\n\t\t\t\t<div class=\"elementor-element elementor-element-a87e049 elementor-vertical-align-top elementor-widget elementor-widget-image-box\" data-id=\"a87e049\" data-element_type=\"widget\" data-widget_type=\"image-box.default\">\n\t\t\t\t<div class=\"elementor-widget-container\">\n\t\t\t\t\t<div class=\"elementor-image-box-wrapper\"><div class=\"elementor-image-box-content\"><h3 class=\"elementor-image-box-title\">7. Eigentumsvorbehalt<\/h3><p class=\"elementor-image-box-description\">Die gelieferten Dienstleistungen, Produkte oder Waren bleiben bis zur vollst\u00e4ndigen Bezahlung des Kaufpreises und Tilgung aller aus der Gesch\u00e4ftsbeziehung entstehenden Forderungen als Vorbehaltsware Eigentum der Science-IT Consulting GmbH.<\/p><\/div><\/div>\t\t\t\t<\/div>\n\t\t\t\t<\/div>\n\t\t\t\t<div class=\"elementor-element elementor-element-1b67763 elementor-vertical-align-top elementor-widget elementor-widget-image-box\" data-id=\"1b67763\" data-element_type=\"widget\" data-widget_type=\"image-box.default\">\n\t\t\t\t<div class=\"elementor-widget-container\">\n\t\t\t\t\t<div class=\"elementor-image-box-wrapper\"><div class=\"elementor-image-box-content\"><h3 class=\"elementor-image-box-title\">8. Haftungsklausel<\/h3><p class=\"elementor-image-box-description\">a) Die Science-IT Consulting GmbH haftet lediglich f\u00fcr Sch\u00e4den, die von Ihr oder einem Erf\u00fcllungsgehilfen grob fahrl\u00e4ssig oder vors\u00e4tzlich verursacht werden, es sei denn, es betrifft zugesicherte Eigenschaften.<\/br>\n<\/br>\nb)\tFerner haftet die Science-IT Consulting GmbH nicht f\u00fcr Folgesch\u00e4den, insbesondere aus dem Gesichtspunkt der positiven Vertragsverletzung, soweit nicht der Schaden in den Zusicherungsbereich einer zugesicherten Eigenschaft f\u00e4llt. F\u00fcr nicht vorhersehbare oder im Verantwortungsbereich des Kunden liegende Sch\u00e4den haftet die Science-IT Consulting GmbH nicht. Unber\u00fchrt hiervon bleibt die Haftung der Science-IT Consulting GmbH nach dem Produkthaftungsgesetz.<\/p><\/div><\/div>\t\t\t\t<\/div>\n\t\t\t\t<\/div>\n\t\t\t\t<div class=\"elementor-element elementor-element-ac0ad28 elementor-vertical-align-top elementor-widget elementor-widget-image-box\" data-id=\"ac0ad28\" data-element_type=\"widget\" data-widget_type=\"image-box.default\">\n\t\t\t\t<div class=\"elementor-widget-container\">\n\t\t\t\t\t<div class=\"elementor-image-box-wrapper\"><div class=\"elementor-image-box-content\"><h3 class=\"elementor-image-box-title\">9. Datenschutz<\/h3><p class=\"elementor-image-box-description\">Hinweis gem\u00e4\u00df \u00a7 33 BDSG: Die Science-IT Consulting GmbH speichert notwendige Daten um einen reibungslosen Gesch\u00e4ftsablauf zu gew\u00e4hren. Die an die Science-IT Consulting GmbH \u00fcbermittelten personenbezogenen Daten werden streng vertraulich behandelt.<\/p><\/div><\/div>\t\t\t\t<\/div>\n\t\t\t\t<\/div>\n\t\t\t\t<div class=\"elementor-element elementor-element-b3d17b8 elementor-vertical-align-top elementor-widget elementor-widget-image-box\" data-id=\"b3d17b8\" data-element_type=\"widget\" data-widget_type=\"image-box.default\">\n\t\t\t\t<div class=\"elementor-widget-container\">\n\t\t\t\t\t<div class=\"elementor-image-box-wrapper\"><div class=\"elementor-image-box-content\"><h3 class=\"elementor-image-box-title\">10. Gerichtsstand<\/h3><p class=\"elementor-image-box-description\">Gerichtsstand f\u00fcr alle abgeschlossenen Vertr\u00e4ge mit der Science-IT Consulting GmbH ist 63450 Hanau.<\/p><\/div><\/div>\t\t\t\t<\/div>\n\t\t\t\t<\/div>\n\t\t\t\t\t<\/div>\n\t\t<\/div>\n\t\t\t\t\t<\/div>\n\t\t<\/section>\n\t\t\t\t<\/div>","protected":false},"excerpt":{"rendered":"<p>Allgemeine Gesch\u00e4ftsbedingungen (AGB) 1. Geltungsbereich a) Die Science-IT Consulting GmbH erbringt ihre Dienste, Leistungen und Lieferungen ausschlie\u00dflich auf der Grundlage dieser Gesch\u00e4ftsbedingungen, soweit nicht einzelvertraglich etwas anderes vereinbart ist. Sp\u00e4testens mit der Auftragserteilung gelten die Bedingungen als angenommen und gelten auch f\u00fcr alle k\u00fcnftigen Gesch\u00e4ftsbeziehungen, auch wenn [...]<\/p>","protected":false},"author":1,"featured_media":0,"parent":0,"menu_order":0,"comment_status":"closed","ping_status":"closed","template":"elementor_header_footer","meta":{"site-sidebar-layout":"no-sidebar","site-content-layout":"","ast-site-content-layout":"full-width-container","site-content-style":"default","site-sidebar-style":"default","ast-global-header-display":"","ast-banner-title-visibility":"","ast-main-header-display":"","ast-hfb-above-header-display":"","ast-hfb-below-header-display":"","ast-hfb-mobile-header-display":"","site-post-title":"disabled","ast-breadcrumbs-content":"","ast-featured-img":"disabled","footer-sml-layout":"","theme-transparent-header-meta":"","adv-header-id-meta":"","stick-header-meta":"","header-above-stick-meta":"","header-main-stick-meta":"","header-below-stick-meta":"","astra-migrate-meta-layouts":"default","ast-page-background-enabled":"default","ast-page-background-meta":{"desktop":{"background-color":"var(--ast-global-color-4)","background-image":"","background-repeat":"repeat","background-position":"center center","background-size":"auto","background-attachment":"scroll","background-type":"","background-media":"","overlay-type":"","overlay-color":"","overlay-opacity":"","overlay-gradient":""},"tablet":{"background-color":"","background-image":"","background-repeat":"repeat","background-position":"center center","background-size":"auto","background-attachment":"scroll","background-type":"","background-media":"","overlay-type":"","overlay-color":"","overlay-opacity":"","overlay-gradient":""},"mobile":{"background-color":"","background-image":"","background-repeat":"repeat","background-position":"center center","background-size":"auto","background-attachment":"scroll","background-type":"","background-media":"","overlay-type":"","overlay-color":"","overlay-opacity":"","overlay-gradient":""}},"ast-content-background-meta":{"desktop":{"background-color":"var(--ast-global-color-5)","background-image":"","background-repeat":"repeat","background-position":"center center","background-size":"auto","background-attachment":"scroll","background-type":"","background-media":"","overlay-type":"","overlay-color":"","overlay-opacity":"","overlay-gradient":""},"tablet":{"background-color":"var(--ast-global-color-5)","background-image":"","background-repeat":"repeat","background-position":"center center","background-size":"auto","background-attachment":"scroll","background-type":"","background-media":"","overlay-type":"","overlay-color":"","overlay-opacity":"","overlay-gradient":""},"mobile":{"background-color":"var(--ast-global-color-5)","background-image":"","background-repeat":"repeat","background-position":"center center","background-size":"auto","background-attachment":"scroll","background-type":"","background-media":"","overlay-type":"","overlay-color":"","overlay-opacity":"","overlay-gradient":""}},"footnotes":""},"class_list":["post-287","page","type-page","status-publish","hentry"],"_links":{"self":[{"href":"https:\/\/science-it.de\/de\/wp-json\/wp\/v2\/pages\/287","targetHints":{"allow":["GET"]}}],"collection":[{"href":"https:\/\/science-it.de\/de\/wp-json\/wp\/v2\/pages"}],"about":[{"href":"https:\/\/science-it.de\/de\/wp-json\/wp\/v2\/types\/page"}],"author":[{"embeddable":true,"href":"https:\/\/science-it.de\/de\/wp-json\/wp\/v2\/users\/1"}],"replies":[{"embeddable":true,"href":"https:\/\/science-it.de\/de\/wp-json\/wp\/v2\/comments?post=287"}],"version-history":[{"count":40,"href":"https:\/\/science-it.de\/de\/wp-json\/wp\/v2\/pages\/287\/revisions"}],"predecessor-version":[{"id":511,"href":"https:\/\/science-it.de\/de\/wp-json\/wp\/v2\/pages\/287\/revisions\/511"}],"wp:attachment":[{"href":"https:\/\/science-it.de\/de\/wp-json\/wp\/v2\/media?parent=287"}],"curies":[{"name":"wp","href":"https:\/\/api.w.org\/{rel}","templated":true}]}}